{"id":18,"date":"2019-06-09T23:29:18","date_gmt":"2019-06-09T21:29:18","guid":{"rendered":"http:\/\/bozzg.org.pl\/?page_id=18"},"modified":"2022-02-13T20:25:18","modified_gmt":"2022-02-13T19:25:18","slug":"o-nas-2","status":"publish","type":"page","link":"https:\/\/bozzg.org.pl\/","title":{"rendered":"O nas"},"content":{"rendered":"\n<div class=\"wp-block-group\"><div class=\"wp-block-group__inner-container is-layout-flow wp-block-group-is-layout-flow\">\n<div class=\"wp-block-image\"><figure class=\"aligncenter size-large is-resized\"><img decoding=\"async\" src=\"http:\/\/bozzg.org.pl\/wp-content\/uploads\/2022\/02\/BOZ.jpg\" alt=\"\" class=\"wp-image-358\" width=\"410\" srcset=\"https:\/\/bozzg.org.pl\/wp-content\/uploads\/2022\/02\/BOZ.jpg 609w, https:\/\/bozzg.org.pl\/wp-content\/uploads\/2022\/02\/BOZ-300x300.jpg 300w, https:\/\/bozzg.org.pl\/wp-content\/uploads\/2022\/02\/BOZ-150x150.jpg 150w, https:\/\/bozzg.org.pl\/wp-content\/uploads\/2022\/02\/BOZ-100x100.jpg 100w\" sizes=\"(max-width: 609px) 100vw, 609px\" \/><\/figure><\/div>\n\n\n\n<p>Stowarzyszenie Biuro Ochrony Zwierz\u0105t mie\u015bci si\u0119 w Zielonej G\u00f3rze.<br>Pomagamy g\u0142\u00f3wnie w wojew\u00f3dztwie lubuskim, jednak gdy mamy tak\u0105 mo\u017cliwo\u015b\u0107 &#8211; dzia\u0142amy r\u00f3wnie\u017c na terenie kraju.<br>Skupiamy si\u0119 na ratowaniu zwierz\u0105t domowych i gospodarskich. <br>Zwierz\u0119ta zabierane z interwencji s\u0105 badane, leczone, nast\u0119pnie szukamy im dom\u00f3w. Je\u017celi nie ma ch\u0119tnych do adopcji zwierzak\u00f3w,  umieszczane s\u0105 one w domach tymczasowych lub hotelach &#8211; do czasu znalezienia domu sta\u0142ego.<br><br>Nasza dzia\u0142alno\u015b\u0107 to wolontariat. Wszyscy pracujemy, mamy rodziny, a mimo wszystko znajdujemy czas na interwencje.<br><br>Stowarzyszenie dzia\u0142a dzi\u0119ki wp\u0142atom pieni\u0119\u017cnym od dobrych ludzi &#8211; prowadzimy zbi\u00f3rki dla potrzebuj\u0105cych zwierz\u0105t, mamy skarbonki w sklepach i lokalach us\u0142ugowych lub przyjmujemy wp\u0142aty bezpo\u015brednio na konto. Co jaki\u015b czas na naszej stronie na <a href=\"https:\/\/www.facebook.com\/pg\/BOZ.inspektorat\/\">facebooku<\/a> pojawiaj\u0105 si\u0119 posty z rozliczeniami wszystkich zebranych pieni\u0119dzy. <br>Jeste\u015bmy malutkim stowarzyszeniem, ale dzia\u0142amy skutecznie! \ud83d\ude42<\/p>\n<\/div><\/div>\n","protected":false},"excerpt":{"rendered":"<p>Stowarzyszenie Biuro Ochrony Zwierz\u0105t mie\u015bci si\u0119 w Zielonej G\u00f3rze.Pomagamy g\u0142\u00f3wnie w wojew\u00f3dztwie lubuskim, jednak gdy mamy tak\u0105 mo\u017cliwo\u015b\u0107 &#8211; dzia\u0142amy r\u00f3wnie\u017c na terenie kraju.Skupiamy si\u0119 na ratowaniu zwierz\u0105t domowych i gospodarskich. Zwierz\u0119ta zabierane z interwencji s\u0105 badane, leczone, nast\u0119pnie szukamy im dom\u00f3w. Je\u017celi nie ma ch\u0119tnych do adopcji zwierzak\u00f3w, umieszczane s\u0105 one w domach tymczasowych &hellip; <\/p>\n<p class=\"link-more\"><a href=\"https:\/\/bozzg.org.pl\/\" class=\"more-link\">Czytaj dalej<span class=\"screen-reader-text\"> O nas<\/span><\/a><\/p>\n","protected":false},"author":1,"featured_media":0,"parent":0,"menu_order":0,"comment_status":"closed","ping_status":"closed","template":"","meta":{"footnotes":""},"_links":{"self":[{"href":"https:\/\/bozzg.org.pl\/index.php\/wp-json\/wp\/v2\/pages\/18"}],"collection":[{"href":"https:\/\/bozzg.org.pl\/index.php\/wp-json\/wp\/v2\/pages"}],"about":[{"href":"https:\/\/bozzg.org.pl\/index.php\/wp-json\/wp\/v2\/types\/page"}],"author":[{"embeddable":true,"href":"https:\/\/bozzg.org.pl\/index.php\/wp-json\/wp\/v2\/users\/1"}],"replies":[{"embeddable":true,"href":"https:\/\/bozzg.org.pl\/index.php\/wp-json\/wp\/v2\/comments?post=18"}],"version-history":[{"count":7,"href":"https:\/\/bozzg.org.pl\/index.php\/wp-json\/wp\/v2\/pages\/18\/revisions"}],"predecessor-version":[{"id":487,"href":"https:\/\/bozzg.org.pl\/index.php\/wp-json\/wp\/v2\/pages\/18\/revisions\/487"}],"wp:attachment":[{"href":"https:\/\/bozzg.org.pl\/index.php\/wp-json\/wp\/v2\/media?parent=18"}],"curies":[{"name":"wp","href":"https:\/\/api.w.org\/{rel}","templated":true}]}}